{"id":523,"date":"2023-03-23T12:54:11","date_gmt":"2023-03-23T17:54:11","guid":{"rendered":"https:\/\/engrainus.wpengine.com\/hable-con-nosotros\/"},"modified":"2023-04-17T11:30:45","modified_gmt":"2023-04-17T16:30:45","slug":"hable-con-nosotros","status":"publish","type":"page","link":"https:\/\/engrain.us\/es\/hable-con-nosotros\/","title":{"rendered":"Hable con nosotros"},"content":{"rendered":"<p>[et_pb_section fb_built=\u00bb1&#8243; _builder_version=\u00bb4.20.2&#8243; _module_preset=\u00bbdefault\u00bb background_enable_color=\u00bboff\u00bb use_background_color_gradient=\u00bbon\u00bb background_color_gradient_stops=\u00bbrgba(35,31,32,0.8) 0%|rgba(35,31,32,0.81) 100%\u00bb background_color_gradient_overlays_image=\u00bbon\u00bb background_image=\u00bbhttps:\/\/engrain.us\/wp-content\/uploads\/2023\/03\/farmer-in-a-green-wheat-field-agricultural-growth-and-farming-business-concept-.jpg\u00bb min_height=\u00bb20vh\u00bb min_height_tablet=\u00bb100vh\u00bb min_height_phone=\u00bb100vh\u00bb min_height_last_edited=\u00bbon|desktop\u00bb height=\u00bb20vh\u00bb height_tablet=\u00bb100vh\u00bb height_phone=\u00bb100vh\u00bb height_last_edited=\u00bbon|desktop\u00bb max_height=\u00bb20vh\u00bb custom_padding=\u00bb||0px|||\u00bb global_colors_info=\u00bb{}\u00bb][et_pb_row _builder_version=\u00bb4.20.2&#8243; _module_preset=\u00bbdefault\u00bb custom_margin=\u00bb10px||||false|false\u00bb custom_margin_tablet=\u00bb20vh||||false|false\u00bb custom_margin_phone=\u00bb15vh||||false|false\u00bb custom_margin_last_edited=\u00bbon|desktop\u00bb custom_padding=\u00bb||1px|||\u00bb global_colors_info=\u00bb{}\u00bb][et_pb_column type=\u00bb4_4&#8243; _builder_version=\u00bb4.16&#8243; _module_preset=\u00bbdefault\u00bb global_colors_info=\u00bb{}\u00bb][et_pb_text _builder_version=\u00bb4.20.2&#8243; _module_preset=\u00bbdefault\u00bb text_font=\u00bbBAHNSCHRIFT||||||||\u00bb text_text_color=\u00bb#ffffff\u00bb text_font_size=\u00bb24px\u00bb text_line_height=\u00bb1.8em\u00bb header_font=\u00bb|300|||||||\u00bb header_text_color=\u00bb#ffffff\u00bb header_font_size=\u00bb22px\u00bb header_line_height=\u00bb1.2em\u00bb header_4_font=\u00bb|700|||||||\u00bb header_4_text_color=\u00bb#FFFFFF\u00bb header_4_font_size=\u00bb55px\u00bb header_4_line_height=\u00bb0.9em\u00bb custom_margin=\u00bb0px||||false|false\u00bb header_font_size_tablet=\u00bb20px\u00bb header_font_size_phone=\u00bb\u00bb header_font_size_last_edited=\u00bbon|tablet\u00bb header_4_font_size_tablet=\u00bb44px\u00bb header_4_font_size_phone=\u00bb37px\u00bb header_4_font_size_last_edited=\u00bbon|tablet\u00bb global_colors_info=\u00bb{}\u00bb]<\/p>\n<h4 style=\"text-align: center;\">Hable con nosotros<\/h4>\n<h1 style=\"text-align: center;\">Inicie una conversaci\u00f3n con nosotros hoy mismo para ver c\u00f3mo puede ayudarle Engrain.<\/h1>\n<p>[\/et_pb_text][\/et_pb_column][\/et_pb_row][\/et_pb_section][et_pb_section fb_built=\u00bb1&#8243; _builder_version=\u00bb4.16&#8243; _module_preset=\u00bbdefault\u00bb custom_padding=\u00bb||1px|||\u00bb global_colors_info=\u00bb{}\u00bb][et_pb_row _builder_version=\u00bb4.20.2&#8243; _module_preset=\u00bbdefault\u00bb custom_margin=\u00bb0px||||false|false\u00bb custom_margin_tablet=\u00bb\u00bb custom_margin_phone=\u00bb-50px||||false|false\u00bb custom_margin_last_edited=\u00bbon|phone\u00bb custom_padding=\u00bb0px||||false|false\u00bb global_colors_info=\u00bb{}\u00bb][et_pb_column type=\u00bb4_4&#8243; _builder_version=\u00bb4.16&#8243; _module_preset=\u00bbdefault\u00bb global_colors_info=\u00bb{}\u00bb][et_pb_text _builder_version=\u00bb4.20.2&#8243; _module_preset=\u00bbdefault\u00bb text_font=\u00bbQuicksand|500|||||||\u00bb text_text_color=\u00bb#FE5000&#8243; text_font_size=\u00bb36px\u00bb text_line_height=\u00bb1.1em\u00bb header_font=\u00bb|800|||||||\u00bb header_text_align=\u00bbcenter\u00bb header_text_color=\u00bb#ffffff\u00bb header_font_size=\u00bb48px\u00bb header_line_height=\u00bb1.2em\u00bb module_alignment=\u00bbleft\u00bb custom_margin=\u00bb||14px|||\u00bb hover_enabled=\u00bb0&#8243; module_alignment_last_edited=\u00bboff|desktop\u00bb global_colors_info=\u00bb{}\u00bb sticky_enabled=\u00bb0&#8243;]<\/p>\n<p style=\"text-align: center;\">Rellene el formulario y uno de nuestros expertos se pondr\u00e1 en contacto con usted en breve.<\/p>\n<p>[\/et_pb_text][et_pb_code _builder_version=\u00bb4.20.2&#8243; _module_preset=\u00bbdefault\u00bb global_colors_info=\u00bb{}\u00bb]<script charset=\"utf-8\" type=\"text\/javascript\" src=\"\/\/js.hsforms.net\/forms\/embed\/v2.js\"><\/script><!-- [et_pb_line_break_holder] --><!-- [et_pb_line_break_holder] --><script><!-- [et_pb_line_break_holder] --><!-- [et_pb_line_break_holder] -->  hbspt.forms.create({<!-- [et_pb_line_break_holder] --><!-- [et_pb_line_break_holder] -->    region: \"na1\",<!-- [et_pb_line_break_holder] --><!-- [et_pb_line_break_holder] -->    portalId: \"22369892\",<!-- [et_pb_line_break_holder] --><!-- [et_pb_line_break_holder] -->    formId: \"b6dc7fea-d2c2-41ee-8bef-9735f35501f4\"<!-- [et_pb_line_break_holder] --><!-- [et_pb_line_break_holder] -->  });<!-- [et_pb_line_break_holder] --><!-- [et_pb_line_break_holder] --><\/script><!-- [et_pb_line_break_holder] --><!-- [et_pb_line_break_holder] --> [\/et_pb_code][\/et_pb_column][\/et_pb_row][\/et_pb_section]<\/p>\n","protected":false},"excerpt":{"rendered":"<p>Hable con nosotros Inicie una conversaci\u00f3n con nosotros hoy mismo para ver c\u00f3mo puede ayudarle Engrain.Rellene el formulario y uno de nuestros expertos se pondr\u00e1 en contacto con usted en breve.<\/p>\n","protected":false},"author":1,"featured_media":0,"parent":0,"menu_order":0,"comment_status":"closed","ping_status":"closed","template":"","meta":{"_et_pb_use_builder":"on","_et_pb_old_content":"","_et_gb_content_width":"","content-type":"","footnotes":""},"class_list":["post-523","page","type-page","status-publish","hentry"],"yoast_head":"<!-- This site is optimized with the Yoast SEO plugin v27.4 - https:\/\/yoast.com\/product\/yoast-seo-wordpress\/ -->\n<title>Hable con nosotros - Engrain<\/title>\n<meta name=\"robots\" content=\"index, follow, max-snippet:-1, max-image-preview:large, max-video-preview:-1\" \/>\n<link rel=\"canonical\" href=\"https:\/\/engrain.us\/es\/hable-con-nosotros\/\" \/>\n<meta property=\"og:locale\" content=\"es_ES\" \/>\n<meta property=\"og:type\" content=\"article\" \/>\n<meta property=\"og:title\" content=\"Hable con nosotros - Engrain\" \/>\n<meta property=\"og:description\" content=\"Hable con nosotros Inicie una conversaci\u00f3n con nosotros hoy mismo para ver c\u00f3mo puede ayudarle Engrain.Rellene el formulario y uno de nuestros expertos se pondr\u00e1 en contacto con usted en breve.\" \/>\n<meta property=\"og:url\" content=\"https:\/\/engrain.us\/es\/hable-con-nosotros\/\" \/>\n<meta property=\"og:site_name\" content=\"Engrain\" \/>\n<meta property=\"article:publisher\" content=\"https:\/\/www.facebook.com\/engrainks\" \/>\n<meta property=\"article:modified_time\" content=\"2023-04-17T16:30:45+00:00\" \/>\n<meta name=\"twitter:card\" content=\"summary_large_image\" \/>\n<meta name=\"twitter:site\" content=\"@EngrainKS\" \/>\n<meta name=\"twitter:label1\" content=\"Tiempo de lectura\" \/>\n\t<meta name=\"twitter:data1\" content=\"2 minutos\" \/>\n<script type=\"application\/ld+json\" class=\"yoast-schema-graph\">{\"@context\":\"https:\\\/\\\/schema.org\",\"@graph\":[{\"@type\":\"WebPage\",\"@id\":\"https:\\\/\\\/engrain.us\\\/es\\\/hable-con-nosotros\\\/\",\"url\":\"https:\\\/\\\/engrain.us\\\/es\\\/hable-con-nosotros\\\/\",\"name\":\"Hable con nosotros - Engrain\",\"isPartOf\":{\"@id\":\"https:\\\/\\\/engrain.us\\\/#website\"},\"datePublished\":\"2023-03-23T17:54:11+00:00\",\"dateModified\":\"2023-04-17T16:30:45+00:00\",\"breadcrumb\":{\"@id\":\"https:\\\/\\\/engrain.us\\\/es\\\/hable-con-nosotros\\\/#breadcrumb\"},\"inLanguage\":\"es\",\"potentialAction\":[{\"@type\":\"ReadAction\",\"target\":[\"https:\\\/\\\/engrain.us\\\/es\\\/hable-con-nosotros\\\/\"]}]},{\"@type\":\"BreadcrumbList\",\"@id\":\"https:\\\/\\\/engrain.us\\\/es\\\/hable-con-nosotros\\\/#breadcrumb\",\"itemListElement\":[{\"@type\":\"ListItem\",\"position\":1,\"name\":\"Home\",\"item\":\"https:\\\/\\\/engrain.us\\\/es\\\/\"},{\"@type\":\"ListItem\",\"position\":2,\"name\":\"Hable con nosotros\"}]},{\"@type\":\"WebSite\",\"@id\":\"https:\\\/\\\/engrain.us\\\/#website\",\"url\":\"https:\\\/\\\/engrain.us\\\/\",\"name\":\"Engrain\",\"description\":\"Feed the World with Peace of Mind\u2122\",\"publisher\":{\"@id\":\"https:\\\/\\\/engrain.us\\\/#organization\"},\"potentialAction\":[{\"@type\":\"SearchAction\",\"target\":{\"@type\":\"EntryPoint\",\"urlTemplate\":\"https:\\\/\\\/engrain.us\\\/?s={search_term_string}\"},\"query-input\":{\"@type\":\"PropertyValueSpecification\",\"valueRequired\":true,\"valueName\":\"search_term_string\"}}],\"inLanguage\":\"es\"},{\"@type\":\"Organization\",\"@id\":\"https:\\\/\\\/engrain.us\\\/#organization\",\"name\":\"Engrain\",\"url\":\"https:\\\/\\\/engrain.us\\\/\",\"logo\":{\"@type\":\"ImageObject\",\"inLanguage\":\"es\",\"@id\":\"https:\\\/\\\/engrain.us\\\/#\\\/schema\\\/logo\\\/image\\\/\",\"url\":\"https:\\\/\\\/engrain.us\\\/wp-content\\\/uploads\\\/2023\\\/05\\\/engrain-01-scaled.jpg\",\"contentUrl\":\"https:\\\/\\\/engrain.us\\\/wp-content\\\/uploads\\\/2023\\\/05\\\/engrain-01-scaled.jpg\",\"width\":2560,\"height\":2560,\"caption\":\"Engrain\"},\"image\":{\"@id\":\"https:\\\/\\\/engrain.us\\\/#\\\/schema\\\/logo\\\/image\\\/\"},\"sameAs\":[\"https:\\\/\\\/www.facebook.com\\\/engrainks\",\"https:\\\/\\\/x.com\\\/EngrainKS\",\"https:\\\/\\\/www.linkedin.com\\\/company\\\/engrain-us\"]}]}<\/script>\n<!-- \/ Yoast SEO plugin. -->","yoast_head_json":{"title":"Hable con nosotros - Engrain","robots":{"index":"index","follow":"follow","max-snippet":"max-snippet:-1","max-image-preview":"max-image-preview:large","max-video-preview":"max-video-preview:-1"},"canonical":"https:\/\/engrain.us\/es\/hable-con-nosotros\/","og_locale":"es_ES","og_type":"article","og_title":"Hable con nosotros - Engrain","og_description":"Hable con nosotros Inicie una conversaci\u00f3n con nosotros hoy mismo para ver c\u00f3mo puede ayudarle Engrain.Rellene el formulario y uno de nuestros expertos se pondr\u00e1 en contacto con usted en breve.","og_url":"https:\/\/engrain.us\/es\/hable-con-nosotros\/","og_site_name":"Engrain","article_publisher":"https:\/\/www.facebook.com\/engrainks","article_modified_time":"2023-04-17T16:30:45+00:00","twitter_card":"summary_large_image","twitter_site":"@EngrainKS","twitter_misc":{"Tiempo de lectura":"2 minutos"},"schema":{"@context":"https:\/\/schema.org","@graph":[{"@type":"WebPage","@id":"https:\/\/engrain.us\/es\/hable-con-nosotros\/","url":"https:\/\/engrain.us\/es\/hable-con-nosotros\/","name":"Hable con nosotros - Engrain","isPartOf":{"@id":"https:\/\/engrain.us\/#website"},"datePublished":"2023-03-23T17:54:11+00:00","dateModified":"2023-04-17T16:30:45+00:00","breadcrumb":{"@id":"https:\/\/engrain.us\/es\/hable-con-nosotros\/#breadcrumb"},"inLanguage":"es","potentialAction":[{"@type":"ReadAction","target":["https:\/\/engrain.us\/es\/hable-con-nosotros\/"]}]},{"@type":"BreadcrumbList","@id":"https:\/\/engrain.us\/es\/hable-con-nosotros\/#breadcrumb","itemListElement":[{"@type":"ListItem","position":1,"name":"Home","item":"https:\/\/engrain.us\/es\/"},{"@type":"ListItem","position":2,"name":"Hable con nosotros"}]},{"@type":"WebSite","@id":"https:\/\/engrain.us\/#website","url":"https:\/\/engrain.us\/","name":"Engrain","description":"Feed the World with Peace of Mind\u2122","publisher":{"@id":"https:\/\/engrain.us\/#organization"},"potentialAction":[{"@type":"SearchAction","target":{"@type":"EntryPoint","urlTemplate":"https:\/\/engrain.us\/?s={search_term_string}"},"query-input":{"@type":"PropertyValueSpecification","valueRequired":true,"valueName":"search_term_string"}}],"inLanguage":"es"},{"@type":"Organization","@id":"https:\/\/engrain.us\/#organization","name":"Engrain","url":"https:\/\/engrain.us\/","logo":{"@type":"ImageObject","inLanguage":"es","@id":"https:\/\/engrain.us\/#\/schema\/logo\/image\/","url":"https:\/\/engrain.us\/wp-content\/uploads\/2023\/05\/engrain-01-scaled.jpg","contentUrl":"https:\/\/engrain.us\/wp-content\/uploads\/2023\/05\/engrain-01-scaled.jpg","width":2560,"height":2560,"caption":"Engrain"},"image":{"@id":"https:\/\/engrain.us\/#\/schema\/logo\/image\/"},"sameAs":["https:\/\/www.facebook.com\/engrainks","https:\/\/x.com\/EngrainKS","https:\/\/www.linkedin.com\/company\/engrain-us"]}]}},"_links":{"self":[{"href":"https:\/\/engrain.us\/es\/wp-json\/wp\/v2\/pages\/523","targetHints":{"allow":["GET"]}}],"collection":[{"href":"https:\/\/engrain.us\/es\/wp-json\/wp\/v2\/pages"}],"about":[{"href":"https:\/\/engrain.us\/es\/wp-json\/wp\/v2\/types\/page"}],"author":[{"embeddable":true,"href":"https:\/\/engrain.us\/es\/wp-json\/wp\/v2\/users\/1"}],"replies":[{"embeddable":true,"href":"https:\/\/engrain.us\/es\/wp-json\/wp\/v2\/comments?post=523"}],"version-history":[{"count":0,"href":"https:\/\/engrain.us\/es\/wp-json\/wp\/v2\/pages\/523\/revisions"}],"wp:attachment":[{"href":"https:\/\/engrain.us\/es\/wp-json\/wp\/v2\/media?parent=523"}],"curies":[{"name":"wp","href":"https:\/\/api.w.org\/{rel}","templated":true}]}}